{"id":229,"date":"2017-03-13T11:45:04","date_gmt":"2017-03-13T11:45:04","guid":{"rendered":"http:\/\/maschinen-pmv.de\/ueber-uns\/"},"modified":"2017-03-21T16:12:39","modified_gmt":"2017-03-21T16:12:39","slug":"ueber-uns","status":"publish","type":"page","link":"http:\/\/maschinen-pmv.de\/en\/ueber-uns\/","title":{"rendered":"\u00dcber uns"},"content":{"rendered":"<h2 style=\"text-align: center;\">Ihr Spezialist im<br \/>\nAn- und Verkauf gebrauchter Maschinen<\/h2>\n<p style=\"text-align: center;\">Die PMV Maschinen Vertriebsgesellschaft Paderborn mbH ist Ihr Spezialist f\u00fcr den An- und Verkauf gebrauchter Maschinen. Unser Angebot besteht ausschlie\u00dflich aus hochqualitativen Ger\u00e4ten namhafter Hersteller und reicht von Abkantmaschinen \u00fcber Werkzeugmaschinen, bis hin zu Blechbearbeitungs- und CNC Fr\u00e4smaschinen. Ganz egal, f\u00fcr welches Einsatzgebiet Sie eine gebrauchte Werkzeugmaschine suchen, bei uns finden Sie ganz sicher das passende Modell. Sollten Sie bei der Auswahl des Werkzeugs Unterst\u00fctzung ben\u00f6tigen, stehen wir Ihnen sehr gern zur Seite.<\/p>\n<p style=\"text-align: center;\">Rufen Sie uns einfach an oder nutzen Sie das Kontaktformular f\u00fcr eine kostenlose und unverbindliche Beratung.<br \/>\nBeim Kauf einer Werkzeugmaschine bieten wir Ihnen neben einer professionellen Kundenbetreuung auch einen Komplettservice, der die Anlieferung und Montage am Zielort umfasst. So brauchen Sie sich um nichts zu k\u00fcmmern und profitieren von unserer langj\u00e4hrigen Erfahrung als Werkzeugh\u00e4ndler. Dank unseres eigenen Fuhrparks sind wir bei der Terminfindung sehr flexibel und k\u00f6nnen auch kurzfristig Termin\u00e4nderungen realisieren. Eventuelle Schwierigkeiten beim Transport oder Aufbau l\u00f6sen wir dank unserer Fachkompetenz schnell und effizient.<\/p>\n<p style=\"text-align: center;\">Wenn Sie uns eine gebrauchte Maschine zum Verkauf anbieten m\u00f6chten, unterbreiten wir Ihnen gern ein unverbindliches Angebot und \u00fcbernehmen auf Wunsch die Demontage bei Ihnen vor Ort. Rufen Sie uns einfach an oder schreiben Sie uns. Wir freuen uns sehr auf Ihre Anfrage!<br \/>\nDie PMV Werkzeugmaschinen-Handel GmbH \u2013 Ihr Partner f\u00fcr den An- und Verkauf gebrauchter Maschinen.<\/p>\n","protected":false},"excerpt":{"rendered":"<p>Ihr Spezialist im An- und Verkauf gebrauchter Maschinen Die PMV Maschinen Vertriebsgesellschaft Paderborn mbH ist Ihr Spezialist f\u00fcr den An- und Verkauf gebrauchter Maschinen. Unser Angebot besteht ausschlie\u00dflich aus hochqualitativen Ger\u00e4ten namhafter Hersteller und reicht von Abkantmaschinen \u00fcber Werkzeugmaschinen, bis hin zu Blechbearbeitungs- und CNC Fr\u00e4smaschinen. Ganz egal, f\u00fcr welches Einsatzgebiet Sie eine gebrauchte Werkzeugmaschine [&hellip;]<\/p>\n","protected":false},"author":1,"featured_media":0,"parent":0,"menu_order":0,"comment_status":"closed","ping_status":"closed","template":"","meta":{"footnotes":""},"acf":[],"_links":{"self":[{"href":"http:\/\/maschinen-pmv.de\/en\/wp-json\/wp\/v2\/pages\/229\/"}],"collection":[{"href":"http:\/\/maschinen-pmv.de\/en\/wp-json\/wp\/v2\/pages\/"}],"about":[{"href":"http:\/\/maschinen-pmv.de\/en\/wp-json\/wp\/v2\/types\/page\/"}],"author":[{"embeddable":true,"href":"http:\/\/maschinen-pmv.de\/en\/wp-json\/wp\/v2\/users\/1\/"}],"replies":[{"embeddable":true,"href":"http:\/\/maschinen-pmv.de\/en\/wp-json\/wp\/v2\/comments\/?post=229"}],"version-history":[{"count":3,"href":"http:\/\/maschinen-pmv.de\/en\/wp-json\/wp\/v2\/pages\/229\/revisions\/"}],"predecessor-version":[{"id":255,"href":"http:\/\/maschinen-pmv.de\/en\/wp-json\/wp\/v2\/pages\/229\/revisions\/255\/"}],"wp:attachment":[{"href":"http:\/\/maschinen-pmv.de\/en\/wp-json\/wp\/v2\/media\/?parent=229"}],"curies":[{"name":"wp","href":"https:\/\/api.w.org\/{rel}","templated":true}]}}