{"id":10,"date":"2017-01-15T18:05:56","date_gmt":"2017-01-15T18:05:56","guid":{"rendered":"http:\/\/maschinen-pmv.de\/?page_id=10"},"modified":"2017-01-16T13:00:23","modified_gmt":"2017-01-16T13:00:23","slug":"ankauf","status":"publish","type":"page","link":"http:\/\/maschinen-pmv.de\/en\/ankauf\/","title":{"rendered":"Ankauf"},"content":{"rendered":"<h1 style=\"text-align: center;\">Eine Maschine verkaufen<\/h1>\n<p style=\"text-align: center;\">M\u00f6chten Sie uns eine gebrauchte Maschine zum Verkauf anbieten? Als langj\u00e4hriger Spezialist beim An- und Verkauf gebrauchter Maschinen verf\u00fcgen wir \u00fcber das notwendige Know-How f\u00fcr einen schnellen und reibungslosen Ablauf. Auf Wunsch planen wir den gesamten Prozess von der Demontage, \u00fcber den Transport bis hin zum Aufbau am Zielort. Wir bieten Ihnen eine professionelle Beratung, einen Rundum-Service sowie attraktive Preise. Kontaktieren Sie uns noch heute telefonisch oder \u00fcber das Kontaktformular. Wir freuen uns auf Ihre Anfrage!<\/p>\n","protected":false},"excerpt":{"rendered":"<p>Eine Maschine verkaufen M\u00f6chten Sie uns eine gebrauchte Maschine zum Verkauf anbieten? Als langj\u00e4hriger Spezialist beim An- und Verkauf gebrauchter Maschinen verf\u00fcgen wir \u00fcber das notwendige Know-How f\u00fcr einen schnellen und reibungslosen Ablauf. Auf Wunsch planen wir den gesamten Prozess von der Demontage, \u00fcber den Transport bis hin zum Aufbau am Zielort. Wir bieten Ihnen [&hellip;]<\/p>\n","protected":false},"author":1,"featured_media":0,"parent":0,"menu_order":0,"comment_status":"closed","ping_status":"closed","template":"","meta":{"footnotes":""},"acf":[],"_links":{"self":[{"href":"http:\/\/maschinen-pmv.de\/en\/wp-json\/wp\/v2\/pages\/10\/"}],"collection":[{"href":"http:\/\/maschinen-pmv.de\/en\/wp-json\/wp\/v2\/pages\/"}],"about":[{"href":"http:\/\/maschinen-pmv.de\/en\/wp-json\/wp\/v2\/types\/page\/"}],"author":[{"embeddable":true,"href":"http:\/\/maschinen-pmv.de\/en\/wp-json\/wp\/v2\/users\/1\/"}],"replies":[{"embeddable":true,"href":"http:\/\/maschinen-pmv.de\/en\/wp-json\/wp\/v2\/comments\/?post=10"}],"version-history":[{"count":2,"href":"http:\/\/maschinen-pmv.de\/en\/wp-json\/wp\/v2\/pages\/10\/revisions\/"}],"predecessor-version":[{"id":118,"href":"http:\/\/maschinen-pmv.de\/en\/wp-json\/wp\/v2\/pages\/10\/revisions\/118\/"}],"wp:attachment":[{"href":"http:\/\/maschinen-pmv.de\/en\/wp-json\/wp\/v2\/media\/?parent=10"}],"curies":[{"name":"wp","href":"https:\/\/api.w.org\/{rel}","templated":true}]}}